{"id":1022,"date":"2019-09-17T08:57:51","date_gmt":"2019-09-17T08:57:51","guid":{"rendered":"http:\/\/gabi.extendstudio.net\/carpentry\/?page_id=1022"},"modified":"2025-04-23T18:06:23","modified_gmt":"2025-04-23T16:06:23","slug":"contact","status":"publish","type":"page","link":"https:\/\/moulin-paul-laurent.fr\/?page_id=1022","title":{"rendered":"Contact"},"content":{"rendered":"<div data-colibri-id=\"1022-c1\" class=\"style-441 style-local-1022-c1 position-relative\">\n  <!---->\n  <div data-colibri-component=\"section\" data-colibri-id=\"1022-c2\" id=\"contact-form\" class=\"h-section h-section-global-spacing d-flex align-items-lg-center align-items-md-center align-items-center style-465 style-local-1022-c2 position-relative\">\n    <!---->\n    <!---->\n    <div class=\"h-section-grid-container h-section-boxed-container\">\n      <!---->\n      <div data-colibri-id=\"1022-c3\" class=\"h-row-container gutters-row-lg-2 gutters-row-md-2 gutters-row-2 gutters-row-v-lg-2 gutters-row-v-md-2 gutters-row-v-2 style-466 style-local-1022-c3 position-relative\">\n        <!---->\n        <div class=\"h-row justify-content-lg-center justify-content-md-center justify-content-center align-items-lg-stretch align-items-md-stretch align-items-stretch gutters-col-lg-2 gutters-col-md-2 gutters-col-2 gutters-col-v-lg-2 gutters-col-v-md-2 gutters-col-v-2\">\n          <!---->\n          <div class=\"h-column h-column-container d-flex h-col-lg-auto h-col-md-auto h-col-auto style-467-outer style-local-1022-c4-outer\">\n            <div data-colibri-id=\"1022-c4\" class=\"d-flex h-flex-basis h-column__inner h-px-lg-2 h-px-md-2 h-px-2 v-inner-lg-2 v-inner-md-2 v-inner-2 style-467 style-local-1022-c4 position-relative\">\n              <!---->\n              <!---->\n              <div class=\"w-100 h-y-container h-column__content h-column__v-align flex-basis-100 align-self-lg-center align-self-md-center align-self-center\">\n                <!---->\n                <div data-colibri-id=\"1022-c5\" class=\"h-global-transition-all h-heading style-471 style-local-1022-c5 position-relative h-element\">\n                  <!---->\n                  <div class=\"h-heading__outer style-471 style-local-1022-c5\">\n                    <!---->\n                    <!---->\n                    <h2 class=\"\">Envoyez nous votre demande<\/h2>\n                  <\/div>\n                <\/div>\n                <div data-colibri-id=\"1022-c7\" class=\"h-contact-form__outer--forminator style-470 style-local-1022-c7 position-relative h-element\">\n                  <!---->\n                  <div class=\"h-global-transition-all h-global-transition h-global-transition-all h-contact-form-shortcode\"><div class=\"forminator-ui forminator-custom-form forminator-custom-form-2708 forminator-design--default  forminator_ajax\" data-forminator-render=\"0\" data-form=\"forminator-module-2708\" data-uid=\"69d00fb441cb7\"><br\/><\/div><form\n\t\t\t\tid=\"forminator-module-2708\"\n\t\t\t\tclass=\"forminator-ui forminator-custom-form forminator-custom-form-2708 forminator-design--default  forminator_ajax\"\n\t\t\t\tmethod=\"post\"\n\t\t\t\tdata-forminator-render=\"0\"\n\t\t\t\tdata-form-id=\"2708\"\n\t\t\t\t data-color-option=\"theme\" data-design=\"default\" data-grid=\"open\" style=\"display: none;\"\n\t\t\t\tdata-uid=\"69d00fb441cb7\"\n\t\t\t><div role=\"alert\" aria-live=\"polite\" class=\"forminator-response-message forminator-error\" aria-hidden=\"true\"><\/div><div class=\"forminator-row\"><div id=\"name-1\" class=\"forminator-field-name forminator-col forminator-col-12 \"><div class=\"forminator-field\"><label for=\"forminator-field-name-1_69d00fb441cb7\" id=\"forminator-field-name-1_69d00fb441cb7-label\" class=\"forminator-label\">Pr\u00e9nom <span class=\"forminator-required\">*<\/span><\/label><input type=\"text\" name=\"name-1\" value=\"\" placeholder=\"Par exemple\u00a0: Jean\" id=\"forminator-field-name-1_69d00fb441cb7\" class=\"forminator-input forminator-name--field\" aria-required=\"true\" autocomplete=\"name\" \/><\/div><\/div><\/div><div class=\"forminator-row\"><div id=\"email-1\" class=\"forminator-field-email forminator-col forminator-col-12 \"><div class=\"forminator-field\"><label for=\"forminator-field-email-1_69d00fb441cb7\" id=\"forminator-field-email-1_69d00fb441cb7-label\" class=\"forminator-label\">Adresse de messagerie <span class=\"forminator-required\">*<\/span><\/label><input type=\"email\" name=\"email-1\" value=\"\" placeholder=\"Par exemple\u00a0: jacques@martin.com\" id=\"forminator-field-email-1_69d00fb441cb7\" class=\"forminator-input forminator-email--field\" data-required=\"true\" aria-required=\"true\" autocomplete=\"email\" \/><\/div><\/div><\/div><div class=\"forminator-row\"><div id=\"phone-1\" class=\"forminator-field-phone forminator-col forminator-col-12 \"><div class=\"forminator-field\"><label for=\"forminator-field-phone-1_69d00fb441cb7\" id=\"forminator-field-phone-1_69d00fb441cb7-label\" class=\"forminator-label\">Num\u00e9ro de t\u00e9l\u00e9phone<\/label><input type=\"text\" name=\"phone-1\" value=\"\" placeholder=\"Par exemple\u00a0: +1 02 03 04 05\" id=\"forminator-field-phone-1_69d00fb441cb7\" class=\"forminator-input forminator-field--phone\" data-required=\"\" aria-required=\"false\" autocomplete=\"off\" \/><\/div><\/div><\/div><div class=\"forminator-row\"><div id=\"textarea-1\" class=\"forminator-field-textarea forminator-col forminator-col-12 \"><div class=\"forminator-field\"><label for=\"forminator-field-textarea-1_69d00fb441cb7\" id=\"forminator-field-textarea-1_69d00fb441cb7-label\" class=\"forminator-label\">Message<\/label><span id=\"forminator-field-textarea-1_69d00fb441cb7-description\" class=\"forminator-description\"><span data-limit=\"180\" data-type=\"characters\" data-editor=\"\">0 \/ 180<\/span><\/span><textarea name=\"textarea-1\" placeholder=\"Saisissez votre message\u2026\" id=\"forminator-field-textarea-1_69d00fb441cb7\" class=\"forminator-textarea\" rows=\"6\" style=\"min-height:140px;\" maxlength=\"180\" ><\/textarea><\/div><\/div><\/div><input type=\"hidden\" name=\"referer_url\" value=\"\" \/><div class=\"forminator-row forminator-row-last\"><div class=\"forminator-col\"><div class=\"forminator-field\"><button class=\"forminator-button forminator-button-submit\">Envoyer le message<\/button><\/div><\/div><\/div><input type=\"hidden\" id=\"forminator_nonce\" name=\"forminator_nonce\" value=\"413d650944\" \/><input type=\"hidden\" name=\"_wp_http_referer\" value=\"\/index.php?rest_route=%2Fwp%2Fv2%2Fpages%2F1022\" \/><input type=\"hidden\" name=\"form_id\" value=\"2708\"><input type=\"hidden\" name=\"page_id\" value=\"1022\"><input type=\"hidden\" name=\"form_type\" value=\"default\"><input type=\"hidden\" name=\"current_url\" value=\"https:\/\/moulin-paul-laurent.fr\/?page_id=1022\"><input type=\"hidden\" name=\"render_id\" value=\"0\"><input type=\"hidden\" name=\"action\" value=\"forminator_submit_form_custom-forms\"><\/form><\/div>\n                <\/div>\n              <\/div>\n            <\/div>\n          <\/div>\n          <div class=\"h-column h-column-container d-flex h-col-lg-auto h-col-md-auto h-col-auto style-468-outer style-local-1022-c8-outer\">\n            <div data-colibri-id=\"1022-c8\" class=\"d-flex h-flex-basis h-column__inner h-px-lg-2 h-px-md-2 h-px-2 v-inner-lg-2 v-inner-md-2 v-inner-2 style-468 style-local-1022-c8 position-relative\">\n              <!---->\n              <!---->\n              <div class=\"w-100 h-y-container h-column__content h-column__v-align flex-basis-100 align-self-lg-start align-self-md-start align-self-start\">\n                <!---->\n                <div data-colibri-id=\"1022-c9\" class=\"d-block style-473 style-local-1022-c9 position-relative h-element\">\n                  <!---->\n                  <div class=\"h-image__frame-container-outer\">\n                    <div class=\"h-image__frame-container\">\n                      <!---->\n                      <!---->\n                      <img decoding=\"async\" width=\"600\" height=\"600\" data-src=\"http:\/\/moulin-paul-laurent.fr\/wp-content\/uploads\/2025\/04\/img_20170609_092450-600x600-1920w.jpeg.webp\" class=\"wp-image-2222 style-473-image style-local-1022-c9-image lazyload\" alt=\"\" data-srcset=\"https:\/\/moulin-paul-laurent.fr\/wp-content\/uploads\/2025\/04\/img_20170609_092450-600x600-1920w.jpeg.webp 600w, https:\/\/moulin-paul-laurent.fr\/wp-content\/uploads\/2025\/04\/img_20170609_092450-600x600-1920w.jpeg-300x300.webp 300w, https:\/\/moulin-paul-laurent.fr\/wp-content\/uploads\/2025\/04\/img_20170609_092450-600x600-1920w.jpeg-150x150.webp 150w\" data-sizes=\"(max-width: 600px) 100vw, 600px\" src=\"data:image\/svg+xml;base64,PHN2ZyB3aWR0aD0iMSIgaGVpZ2h0PSIxIiB4bWxucz0iaHR0cDovL3d3dy53My5vcmcvMjAwMC9zdmciPjwvc3ZnPg==\" style=\"--smush-placeholder-width: 600px; --smush-placeholder-aspect-ratio: 600\/600;\" \/>\n                      <div class=\"h-image__frame h-hide-lg h-hide-md h-hide-sm style-473-frameImage style-local-1022-c9-frameImage\"><\/div>\n                    <\/div>\n                  <\/div>\n                <\/div>\n              <\/div>\n            <\/div>\n          <\/div>\n        <\/div>\n      <\/div>\n    <\/div>\n  <\/div>\n  <div data-colibri-component=\"section\" data-colibri-id=\"1022-c10\" id=\"info\" class=\"h-section h-section-global-spacing d-flex align-items-lg-center align-items-md-center align-items-center style-446 style-local-1022-c10 position-relative\">\n    <div class=\"background-wrapper\">\n      <div class=\"background-layer background-layer-media-container-lg\">\n        <!---->\n        <div class=\"overlay-layer\">\n          <div class=\"overlay-image-layer\" style=\"background-color: rgb(225, 194, 101); opacity: 0.6;\"><\/div>\n        <\/div>\n      <\/div>\n      <div class=\"background-layer background-layer-media-container-md\">\n        <!---->\n        <div class=\"overlay-layer\">\n          <div class=\"overlay-image-layer\" style=\"background-color: rgb(225, 194, 101); opacity: 0.6;\"><\/div>\n        <\/div>\n      <\/div>\n      <div class=\"background-layer background-layer-media-container\">\n        <!---->\n        <div class=\"overlay-layer\">\n          <div class=\"overlay-image-layer\" style=\"background-color: rgb(225, 194, 101); opacity: 0.6;\"><\/div>\n        <\/div>\n      <\/div>\n    <\/div>\n    <!---->\n    <div class=\"h-section-grid-container h-section-fluid-container\">\n      <!---->\n      <div data-colibri-id=\"1022-c11\" class=\"h-row-container gutters-row-lg-2 gutters-row-md-2 gutters-row-2 gutters-row-v-lg-2 gutters-row-v-md-2 gutters-row-v-2 style-447 style-local-1022-c11 position-relative\">\n        <!---->\n        <div class=\"h-row justify-content-lg-center justify-content-md-center justify-content-center align-items-lg-stretch align-items-md-stretch align-items-stretch gutters-col-lg-2 gutters-col-md-2 gutters-col-2 gutters-col-v-lg-2 gutters-col-v-md-2 gutters-col-v-2\">\n          <!---->\n          <div class=\"h-column h-column-container d-flex h-col-lg-3 h-col-md-6 h-col-12 style-449-outer style-local-1022-c12-outer\">\n            <div data-colibri-id=\"1022-c12\" class=\"d-flex h-flex-basis h-column__inner h-px-lg-2 h-px-md-2 h-px-2 v-inner-lg-2 v-inner-md-2 v-inner-2 style-449 style-local-1022-c12 position-relative\">\n              <!---->\n              <!---->\n              <div class=\"w-100 h-y-container h-column__content h-column__v-align flex-basis-100 align-self-lg-start align-self-md-start align-self-start\">\n                <!---->\n                <div data-colibri-id=\"1022-c13\" class=\"h-global-transition-all h-heading style-452 style-local-1022-c13 position-relative h-element\">\n                  <!---->\n                  <div class=\"h-heading__outer style-452 style-local-1022-c13\">\n                    <!---->\n                    <!---->\n                    <h4 class=\"\">num\u00e9ro de t\u00e9l\u00e9phone<\/h4>\n                  <\/div>\n                <\/div>\n                <div data-colibri-id=\"1022-c14\" class=\"h-x-container style-453 style-local-1022-c14 position-relative h-element\">\n                  <!---->\n                  <div class=\"h-x-container-inner style-dynamic-1022-c14-group style-453-spacing style-local-1022-c14-spacing\"><span class=\"h-link__outer style-454-outer style-local-1022-c15-outer d-inline-flex h-element\"><a h-use-smooth-scroll=\"true\" href=\"tel:04 77 58 32 45\"  data-colibri-id=\"1022-c15\" class=\"d-flex w-100 align-items-center h-link style-454 style-local-1022-c15 position-relative\"><!----><!----> <span>04 77 58 32 45<\/span><\/a>\n                    <\/span>\n                  <\/div>\n                <\/div>\n              <\/div>\n            <\/div>\n          <\/div>\n          <div class=\"h-column h-column-container d-flex h-col-lg-3 h-col-md-6 h-col-12 style-449-outer style-local-1022-c16-outer\">\n            <div data-colibri-id=\"1022-c16\" class=\"d-flex h-flex-basis h-column__inner h-px-lg-2 h-px-md-2 h-px-2 v-inner-lg-2 v-inner-md-2 v-inner-2 style-449 style-local-1022-c16 position-relative\">\n              <!---->\n              <!---->\n              <div class=\"w-100 h-y-container h-column__content h-column__v-align flex-basis-100 align-self-lg-start align-self-md-start align-self-start\">\n                <!---->\n                <div data-colibri-id=\"1022-c17\" class=\"h-global-transition-all h-heading style-452 style-local-1022-c17 position-relative h-element\">\n                  <!---->\n                  <div class=\"h-heading__outer style-452 style-local-1022-c17\">\n                    <!---->\n                    <!---->\n                    <h4 class=\"\">Addresse<\/h4>\n                  <\/div>\n                <\/div>\n                <div data-colibri-id=\"1022-c18\" class=\"h-text h-text-component style-455 style-local-1022-c18 position-relative h-element\">\n                  <!---->\n                  <!---->\n                  <div class=\"\">\n                    <p><em style=\"color: rgb(254, 252, 252); font-family: &quot;Open Sans&quot;, &quot;Open Sans Fallback&quot;; font-size: 15px; font-weight: 400;\">17 Rue de Feurs,&nbsp;<\/em><span style=\"color: rgb(254, 252, 252); font-family: Lato; font-size: 16px; font-weight: 400;\">42600 Savigneux,<\/span><\/p>\n                  <\/div>\n                <\/div>\n              <\/div>\n            <\/div>\n          <\/div>\n          <div class=\"h-column h-column-container d-flex h-col-lg-3 h-col-md-6 h-col-12 style-449-outer style-local-1022-c19-outer\">\n            <div data-colibri-id=\"1022-c19\" class=\"d-flex h-flex-basis h-column__inner h-px-lg-2 h-px-md-2 h-px-2 v-inner-lg-2 v-inner-md-2 v-inner-2 style-449 style-local-1022-c19 position-relative\">\n              <!---->\n              <!---->\n              <div class=\"w-100 h-y-container h-column__content h-column__v-align flex-basis-100 align-self-lg-start align-self-md-start align-self-start\">\n                <!---->\n                <div data-colibri-id=\"1022-c20\" class=\"h-global-transition-all h-heading style-452 style-local-1022-c20 position-relative h-element\">\n                  <!---->\n                  <div class=\"h-heading__outer style-452 style-local-1022-c20\">\n                    <!---->\n                    <!---->\n                    <h4 class=\"\">HORAIRES DE LA BOUTIQUE<\/h4>\n                  <\/div>\n                <\/div>\n                <div data-colibri-id=\"1022-c21\" class=\"h-text h-text-component style-455 style-local-1022-c21 position-relative h-element\">\n                  <!---->\n                  <!---->\n                  <div class=\"\">\n                    <p><span style=\"color: rgb(253, 249, 249); font-family: Lato; font-size: 16px; font-weight: 400;\">Lundi&nbsp;&#8211; Vendredi:&nbsp;&nbsp;<\/span><span style=\"color: rgb(253, 249, 249); font-family: &quot;Open Sans&quot;, &quot;Open Sans Fallback&quot;; font-size: 15px; font-weight: 400;\">08:30&nbsp;&#8211;&nbsp;12:00&nbsp;\/ 14:30&nbsp;&#8211;&nbsp;17:30<\/span><\/p>\n                  <\/div>\n                <\/div>\n                <div data-colibri-id=\"1022-c22\" class=\"h-text h-text-component style-455 style-local-1022-c22 position-relative h-element\">\n                  <!---->\n                  <!---->\n                  <div class=\"\">\n                    <p><span style=\"color: rgb(255, 254, 254); font-family: Lato; font-size: 16px; font-weight: 400;\">Samedi:&nbsp;&nbsp;<\/span><span style=\"color: rgb(255, 254, 254); font-family: &quot;Open Sans&quot;, &quot;Open Sans Fallback&quot;; font-size: 15px; font-weight: 400;\">08:30&nbsp;&#8211;&nbsp;12:00 &#8211;<\/span><\/p>\n                  <\/div>\n                <\/div>\n                <div data-colibri-id=\"1022-c23\" class=\"h-text h-text-component style-455 style-local-1022-c23 position-relative h-element\">\n                  <!---->\n                  <!---->\n                  <div class=\"\">\n                    <p><span style=\"color: rgb(254, 251, 251); font-family: Lato; font-size: 16px; font-weight: 400;\"><span class=\"ql-cursor\">\ufeff<\/span><\/span><span style=\"color: rgb(97, 94, 94); font-family: Lato; font-size: 16px; font-weight: 400;\">Dimanche: ferm\u00e9<\/span><\/p>\n                  <\/div>\n                <\/div>\n              <\/div>\n            <\/div>\n          <\/div>\n          <div class=\"h-column h-column-container d-flex h-col-lg-3 h-col-md-6 h-col-12 style-449-outer style-local-1022-c24-outer\">\n            <div data-colibri-id=\"1022-c24\" class=\"d-flex h-flex-basis h-column__inner h-px-lg-2 h-px-md-2 h-px-2 v-inner-lg-2 v-inner-md-2 v-inner-2 style-449 style-local-1022-c24 position-relative\">\n              <!---->\n              <!---->\n              <div class=\"w-100 h-y-container h-column__content h-column__v-align flex-basis-100 align-self-lg-start align-self-md-start align-self-start\">\n                <!---->\n                <div data-colibri-id=\"1022-c25\" class=\"h-global-transition-all h-heading style-452 style-local-1022-c25 position-relative h-element\">\n                  <!---->\n                  <div class=\"h-heading__outer style-452 style-local-1022-c25\">\n                    <!---->\n                    <!---->\n                    <h4 class=\"\">E-mail<\/h4>\n                  <\/div>\n                <\/div>\n                <div data-colibri-id=\"1022-c26\" class=\"h-text h-text-component style-455 style-local-1022-c26 position-relative h-element\">\n                  <!---->\n                  <!---->\n                  <div class=\"\">\n                    <p>moulinhuile.plaurent@wanadoo.fr<\/p>\n                  <\/div>\n                <\/div>\n              <\/div>\n            <\/div>\n          <\/div>\n        <\/div>\n      <\/div>\n    <\/div>\n  <\/div>\n  <div data-colibri-component=\"section\" data-colibri-id=\"1022-c35\" id=\"custom\" class=\"h-section h-section-global-spacing d-flex align-items-lg-center align-items-md-center align-items-center style-940 style-local-1022-c35 position-relative\">\n    <!---->\n    <!---->\n    <div class=\"h-section-grid-container h-section-fluid-container\">\n      <!---->\n      <div data-colibri-id=\"1022-c36\" class=\"h-row-container gutters-row-lg-2 gutters-row-md-2 gutters-row-0 gutters-row-v-lg-2 gutters-row-v-md-2 gutters-row-v-2 style-941 style-local-1022-c36 position-relative\">\n        <!---->\n        <div class=\"h-row justify-content-lg-center justify-content-md-center justify-content-center align-items-lg-stretch align-items-md-stretch align-items-stretch gutters-col-lg-2 gutters-col-md-2 gutters-col-0 gutters-col-v-lg-2 gutters-col-v-md-2 gutters-col-v-2\">\n          <!---->\n          <div class=\"h-column h-column-container d-flex h-col-lg-12 h-col-md-12 h-col-12 style-942-outer style-local-1022-c37-outer\">\n            <div data-colibri-id=\"1022-c37\" class=\"d-flex h-flex-basis h-column__inner h-ui-empty-state-container h-px-lg-2 h-px-md-2 h-px-2 v-inner-lg-2 v-inner-md-2 v-inner-2 style-942 style-local-1022-c37 position-relative\">\n              <!---->\n              <!---->\n              <div class=\"w-100 h-y-container h-column__content h-column__v-align flex-basis-100\">\n                <!---->\n              <\/div>\n            <\/div>\n          <\/div>\n          <div class=\"h-column h-column-container d-flex h-col-lg-12 h-col-md-12 h-col-12 style-942-outer style-local-1022-c39-outer\">\n            <div data-colibri-id=\"1022-c39\" class=\"d-flex h-flex-basis h-column__inner h-px-lg-2 h-px-md-2 h-px-2 v-inner-lg-2 v-inner-md-2 v-inner-2 style-942 style-local-1022-c39 position-relative\">\n              <!---->\n              <!---->\n              <div class=\"w-100 h-y-container h-column__content h-column__v-align flex-basis-100 align-self-lg-start align-self-md-start align-self-start\">\n                <!---->\n                <div data-colibri-id=\"1022-c40\" class=\"style-943 style-local-1022-c40 position-relative h-element\">\n                  <!---->\n                  <div class=\"\">\n                    <div style=\"max-width:800px;margin:auto;padding:20px;border:1px solid #ddd;border-radius:8px;background:#f9f9f9;font-family:sans-serif;\">\n                      <h2 style=\"text-align:center;\">\ud83d\udccd Nous trouver<\/h2>\n\n                      <div style=\"margin-bottom:20px;\">\n                        <iframe data-src=\"https:\/\/www.google.com\/maps\/embed?pb=!1m18!1m12!1m3!1d2790.937518798259!2d4.066834677520774!3d45.6118995710768!2m3!1f0!2f0!3f0!3m2!1i1024!2i768!4f13.1!3m3!1m2!1s0x47f4315b6d0fea73%3A0x9738fc0f103a0935!2sMoulin%20%C3%A0%20huile%20-%20Paul%20LAURENT!5e0!3m2!1sfr!2sfr!4v1745424015091!5m2!1sfr!2sfr\"\n                          width=\"100%\" height=\"350\" style=\"border:0;border-radius:5px;\" allowfullscreen=\"\" referrerpolicy=\"no-referrer-when-downgrade\" src=\"data:image\/svg+xml;base64,PHN2ZyB3aWR0aD0iMSIgaGVpZ2h0PSIxIiB4bWxucz0iaHR0cDovL3d3dy53My5vcmcvMjAwMC9zdmciPjwvc3ZnPg==\" class=\"lazyload\" data-load-mode=\"1\">\n                        <\/iframe>\n                      <\/div>\n\n                      <p style=\"text-align:center;margin-bottom:20px;\">\n                        <strong>Moulin \u00e0 Huile Paul Laurent<\/strong>\n                        <br> 17 Rue de Feurs, 42600 Savigneux\n                        <br> \ud83d\udcde\n                        <a href=\"tel:+33477250435\">04 77 25 04 35<\/a>\n                      <\/p>\n\n                      <div style=\"text-align:center;\">\n                        <a href=\"https:\/\/www.google.com\/maps?q=45.6118996,4.0668347\" target=\"_blank\" rel=\"noopener\" style=\"display:inline-block;padding:10px 20px;margin:5px;background:#4285f4;color:#fff;border-radius:5px;text-decoration:none;font-weight:bold;\">\n                          \ud83d\udccc Itin\u00e9raire Google Maps\n                        <\/a>\n                        <a href=\"https:\/\/waze.com\/ul?ll=45.6118996,4.0668347&amp;navigate=yes\" target=\"_blank\" rel=\"noopener\" style=\"display:inline-block;padding:10px 20px;margin:5px;background:#2d89ef;color:#fff;border-radius:5px;text-decoration:none;font-weight:bold;\">\n                          \ud83d\ude97 Lancer avec Waze\n                        <\/a>\n                      <\/div>\n                    <\/div>\n                  <\/div>\n                <\/div>\n              <\/div>\n            <\/div>\n          <\/div>\n        <\/div>\n      <\/div>\n    <\/div>\n  <\/div>\n<\/div>","protected":false},"excerpt":{"rendered":"<p>Envoyez nous votre demande num\u00e9ro de t\u00e9l\u00e9phone 04 77 58 32 45 Addresse 17 Rue de Feurs,&nbsp;42600 Savigneux, HORAIRES DE LA BOUTIQUE Lundi&nbsp;&#8211; Vendredi:&nbsp;&nbsp;08:30&nbsp;&#8211;&nbsp;12:00&nbsp;\/ 14:30&nbsp;&#8211;&nbsp;17:30 Samedi:&nbsp;&nbsp;08:30&nbsp;&#8211;&nbsp;12:00 &#8211; \ufeffDimanche: ferm\u00e9 E-mail moulinhuile.plaurent@wanadoo.fr \ud83d\udccd Nous trouver Moulin \u00e0 Huile Paul Laurent 17 Rue de Feurs, 42600 Savigneux \ud83d\udcde 04 77 25 04 35 \ud83d\udccc Itin\u00e9raire Google Maps [&hellip;]<\/p>\n","protected":false},"author":1,"featured_media":0,"parent":0,"menu_order":0,"comment_status":"closed","ping_status":"closed","template":"page-templates\/full-width-page.php","meta":{"footnotes":""},"class_list":["post-1022","page","type-page","status-publish","hentry"],"aioseo_notices":[],"_links":{"self":[{"href":"https:\/\/moulin-paul-laurent.fr\/index.php?rest_route=\/wp\/v2\/pages\/1022","targetHints":{"allow":["GET"]}}],"collection":[{"href":"https:\/\/moulin-paul-laurent.fr\/index.php?rest_route=\/wp\/v2\/pages"}],"about":[{"href":"https:\/\/moulin-paul-laurent.fr\/index.php?rest_route=\/wp\/v2\/types\/page"}],"author":[{"embeddable":true,"href":"https:\/\/moulin-paul-laurent.fr\/index.php?rest_route=\/wp\/v2\/users\/1"}],"replies":[{"embeddable":true,"href":"https:\/\/moulin-paul-laurent.fr\/index.php?rest_route=%2Fwp%2Fv2%2Fcomments&post=1022"}],"version-history":[{"count":9,"href":"https:\/\/moulin-paul-laurent.fr\/index.php?rest_route=\/wp\/v2\/pages\/1022\/revisions"}],"predecessor-version":[{"id":2774,"href":"https:\/\/moulin-paul-laurent.fr\/index.php?rest_route=\/wp\/v2\/pages\/1022\/revisions\/2774"}],"wp:attachment":[{"href":"https:\/\/moulin-paul-laurent.fr\/index.php?rest_route=%2Fwp%2Fv2%2Fmedia&parent=1022"}],"curies":[{"name":"wp","href":"https:\/\/api.w.org\/{rel}","templated":true}]}}