{"id":2188,"date":"2019-09-13T06:34:38","date_gmt":"2019-09-13T06:34:38","guid":{"rendered":"http:\/\/10.44.205.4\/wp\/gabi\/carpentry\/?page_id=3"},"modified":"2025-04-23T22:09:52","modified_gmt":"2025-04-23T20:09:52","slug":"privacy-policy","status":"publish","type":"page","link":"https:\/\/moulin-paul-laurent.fr\/?page_id=2188","title":{"rendered":"Mentions l\u00e9gales"},"content":{"rendered":"<div data-colibri-id=\"2188-c1\" class=\"style-1009 style-local-2188-c1 position-relative\">\n  <!---->\n  <div data-colibri-component=\"section\" data-colibri-id=\"2188-c2\" id=\"initial-content\" class=\"h-section h-section-global-spacing d-flex align-items-lg-center align-items-md-center align-items-center style-1010 style-local-2188-c2 position-relative\">\n    <!---->\n    <!---->\n    <div class=\"h-section-grid-container h-section-boxed-container\">\n      <!---->\n      <div data-colibri-id=\"2188-c3\" class=\"h-row-container gutters-row-lg-2 gutters-row-md-2 gutters-row-0 gutters-row-v-lg-2 gutters-row-v-md-2 gutters-row-v-2 style-1011 style-local-2188-c3 position-relative\">\n        <!---->\n        <div class=\"h-row justify-content-lg-center justify-content-md-center justify-content-center align-items-lg-stretch align-items-md-stretch align-items-stretch gutters-col-lg-2 gutters-col-md-2 gutters-col-0 gutters-col-v-lg-2 gutters-col-v-md-2 gutters-col-v-2\">\n          <!---->\n          <div class=\"h-column h-column-container d-flex h-col-lg-auto h-col-md-auto h-col-auto style-1012-outer style-local-2188-c4-outer\">\n            <div data-colibri-id=\"2188-c4\" class=\"d-flex h-flex-basis h-column__inner h-px-lg-2 h-px-md-2 h-px-2 v-inner-lg-2 v-inner-md-2 v-inner-2 style-1012 style-local-2188-c4 position-relative\">\n              <!---->\n              <!---->\n              <div class=\"w-100 h-y-container h-column__content h-column__v-align flex-basis-100 align-self-lg-start align-self-md-start align-self-start\">\n                <!---->\n                <div data-colibri-id=\"2188-c5\" class=\"h-text h-text-component style-1013 style-local-2188-c5 position-relative h-element\">\n                  <!---->\n                  <!---->\n                  <div class=\"\">\n                    <h2><strong>Mentions l\u00e9gales<\/strong><\/h2>\n                    <p>Conform\u00e9ment aux dispositions des articles 6-III et 19 de la loi n\u00b02004-575 du 21 juin 2004 pour la Confiance dans l\u2019\u00e9conomie num\u00e9rique (L.C.E.N), il est port\u00e9 \u00e0 la connaissance des utilisateurs du site&nbsp;\n                      <a href=\"http:\/\/www.moulin-paul-laurent.fr\"\n                        target=\"_new\" rel=\"noopener\"><strong>www.moulin-paul-laurent.fr<\/strong><\/a>&nbsp;les pr\u00e9sentes mentions l\u00e9gales.<\/p>\n                    <h3><strong>1. Informations l\u00e9gales<\/strong><\/h3>\n                    <ul>\n                      <li><strong>Raison sociale :<\/strong>&nbsp;SARL MOULIN \u00c0 HUILE PAUL LAURENT<\/li>\n                      <li><strong>Forme juridique :<\/strong>&nbsp;Soci\u00e9t\u00e9 \u00e0 Responsabilit\u00e9 Limit\u00e9e (SARL)<\/li>\n                      <li><strong>Capital social :<\/strong>&nbsp;50 000,00 \u20ac<\/li>\n                      <li><strong>Si\u00e8ge social :<\/strong>&nbsp;17 Rue de Feurs, 42600 Savigneux, France<\/li>\n                      <li><strong>T\u00e9l\u00e9phone :<\/strong>&nbsp;04 77 58 32 45<\/li>\n                      <li><strong>Adresse \u00e9lectronique :<\/strong>&nbsp;<span rel=\"noopener\">moulinhuile.plaurent@wanadoo.fr<\/span><\/li>\n                      <li><strong>SIRET :<\/strong>&nbsp;398 693 051 00011<\/li>\n                      <li><strong>RCS :<\/strong>&nbsp;398 693 051 R.C.S. Saint-\u00c9tienne<\/li>\n                      <li><strong>N\u00b0 TVA intracommunautaire :<\/strong>&nbsp;FR04398693051<\/li>\n                      <li><strong>Directeur de la publication :<\/strong>&nbsp;M. Paul Laurent<\/li>\n                    <\/ul>\n                    <h3><strong>2. H\u00e9bergement<\/strong><\/h3>\n                    <ul>\n                      <li><strong>H\u00e9bergeur :<\/strong>&nbsp;OVH<\/li>\n                      <li><strong>Adresse :<\/strong>&nbsp;2 rue Kellermann \u2013 59100 Roubaix \u2013 France<\/li>\n                      <li><strong>T\u00e9l\u00e9phone :<\/strong>&nbsp;1007<\/li>\n                      <li><strong>Site web :<\/strong>&nbsp;\n                        <a href=\"https:\/\/www.ovh.com\" target=\"_new\" rel=\"noopener\">www.ovh.com<\/a>\n                      <\/li>\n                    <\/ul>\n                    <h3><strong>3. Concepteur du site<\/strong><\/h3>\n                    <ul>\n                      <li><strong>LINKVISION SAS<\/strong>\n                        <br>64 Rue Waldeck Rousseau, 69006 Lyon<\/li>\n                    <\/ul>\n                    <p>La soci\u00e9t\u00e9 LINKVISION r\u00e9alise des sites Internet sur mesure et am\u00e9liore votre r\u00e9f\u00e9rencement.\n                      <br>Elle intervient sur les villes de Lyon, Toulouse, Rennes, Clermont-Ferrand et Avignon.\n                      <br>Ci-apr\u00e8s \u00ab le Concepteur du site \u00bb<\/p>\n                    <h3><strong>4. Utilisateurs<\/strong><\/h3>\n                    <p>Sont consid\u00e9r\u00e9s comme utilisateurs tous les internautes qui naviguent, lisent, visionnent et utilisent le site.\n                      <br>Ci-apr\u00e8s \u00ab les Utilisateurs \u00bb<\/p>\n                    <h3><strong>5. Cr\u00e9dits<\/strong><\/h3>\n                    <ul>\n                      <li>Adobe Stock<\/li>\n                      <li>123RF<\/li>\n                      <li>Flaticon<\/li>\n                    <\/ul>\n                    <h3><strong>6. Propri\u00e9t\u00e9 intellectuelle<\/strong><\/h3>\n                    <p>Tous les \u00e9l\u00e9ments du site (textes, images, graphismes, logo, ic\u00f4nes, etc.) sont la propri\u00e9t\u00e9 exclusive de la SARL Moulin \u00e0 Huile Paul Laurent, sauf mention contraire.\n                      <br>Toute reproduction ou diffusion sans autorisation est interdite.<\/p>\n                    <h3><strong>7. Donn\u00e9es personnelles &amp; cookies<\/strong><\/h3>\n                    <p>Les donn\u00e9es personnelles collect\u00e9es via le site sont utilis\u00e9es uniquement \u00e0 des fins de gestion des demandes.\n                      <br>Conform\u00e9ment au RGPD, vous pouvez exercer vos droits d\u2019acc\u00e8s, de modification ou de suppression de vos donn\u00e9es \u00e0 l\u2019adresse suivante :\n                      <br>\ud83d\udce7&nbsp;<strong rel=\"noopener\">moulinhuile.plaurent@wanadoo.fr<\/strong><\/p>\n                    <p>Le site peut utiliser des cookies pour faciliter la navigation et recueillir des donn\u00e9es statistiques.<\/p>\n                    <h3><strong>8. Droit applicable<\/strong><\/h3>\n                    <p>Tout litige relatif \u00e0 l\u2019utilisation du site est soumis au droit fran\u00e7ais. La juridiction comp\u00e9tente est celle du si\u00e8ge social de l\u2019entreprise.<\/p>\n                    <p>\n                      <br>\n                    <\/p>\n                  <\/div>\n                <\/div>\n              <\/div>\n            <\/div>\n          <\/div>\n        <\/div>\n      <\/div>\n    <\/div>\n  <\/div>\n<\/div>","protected":false},"excerpt":{"rendered":"<p>Mentions l\u00e9gales Conform\u00e9ment aux dispositions des articles 6-III et 19 de la loi n\u00b02004-575 du 21 juin 2004 pour la Confiance dans l\u2019\u00e9conomie num\u00e9rique (L.C.E.N), il est port\u00e9 \u00e0 la connaissance des utilisateurs du site&nbsp; www.moulin-paul-laurent.fr&nbsp;les pr\u00e9sentes mentions l\u00e9gales. 1. Informations l\u00e9gales Raison sociale :&nbsp;SARL MOULIN \u00c0 HUILE PAUL LAURENT Forme juridique :&nbsp;Soci\u00e9t\u00e9 \u00e0 Responsabilit\u00e9 [&hellip;]<\/p>\n","protected":false},"author":1,"featured_media":0,"parent":0,"menu_order":0,"comment_status":"closed","ping_status":"closed","template":"page-templates\/full-width-page.php","meta":{"footnotes":""},"class_list":["post-2188","page","type-page","status-publish","hentry"],"aioseo_notices":[],"_links":{"self":[{"href":"https:\/\/moulin-paul-laurent.fr\/index.php?rest_route=\/wp\/v2\/pages\/2188","targetHints":{"allow":["GET"]}}],"collection":[{"href":"https:\/\/moulin-paul-laurent.fr\/index.php?rest_route=\/wp\/v2\/pages"}],"about":[{"href":"https:\/\/moulin-paul-laurent.fr\/index.php?rest_route=\/wp\/v2\/types\/page"}],"author":[{"embeddable":true,"href":"https:\/\/moulin-paul-laurent.fr\/index.php?rest_route=\/wp\/v2\/users\/1"}],"replies":[{"embeddable":true,"href":"https:\/\/moulin-paul-laurent.fr\/index.php?rest_route=%2Fwp%2Fv2%2Fcomments&post=2188"}],"version-history":[{"count":12,"href":"https:\/\/moulin-paul-laurent.fr\/index.php?rest_route=\/wp\/v2\/pages\/2188\/revisions"}],"predecessor-version":[{"id":2883,"href":"https:\/\/moulin-paul-laurent.fr\/index.php?rest_route=\/wp\/v2\/pages\/2188\/revisions\/2883"}],"wp:attachment":[{"href":"https:\/\/moulin-paul-laurent.fr\/index.php?rest_route=%2Fwp%2Fv2%2Fmedia&parent=2188"}],"curies":[{"name":"wp","href":"https:\/\/api.w.org\/{rel}","templated":true}]}}