{"id":2950,"date":"2025-08-04T18:10:20","date_gmt":"2025-08-04T16:10:20","guid":{"rendered":"https:\/\/moulin-paul-laurent.fr\/?post_type=product&#038;p=2950"},"modified":"2025-11-20T13:05:34","modified_gmt":"2025-11-20T12:05:34","slug":"huile-de-noix-grillees-a-lancienne","status":"publish","type":"product","link":"https:\/\/moulin-paul-laurent.fr\/?product=huile-de-noix-grillees-a-lancienne","title":{"rendered":"Huile de noix grill\u00e9e \u00e0 l\u2019ancienne \u2013 Fabrication artisanal 1 litre"},"content":{"rendered":"<p data-start=\"286\" data-end=\"403\">Huile de noix toast\u00e9e. Omega 3\u00a0 6. 9 une huile g\u00e9n\u00e9reuse\u00a0 , pleine de nutriments<\/p>\n<p data-start=\"286\" data-end=\"403\">Une huile au go\u00fbt noble et authentique, obtenue \u00e0 partir de noix lentement grill\u00e9es selon une m\u00e9thode traditionnelle. Huile de noix grill\u00e9e \u00e0 l\u2019ancienne, press\u00e9e artisanalement. Saveur authentique, ar\u00f4mes profonds et qualit\u00e9 100 % naturelle.<\/p>\n","protected":false},"excerpt":{"rendered":"<p data-start=\"657\" data-end=\"942\">Notre <strong data-start=\"663\" data-end=\"701\">huile de noix grill\u00e9e \u00e0 l\u2019ancienne<\/strong> est fabriqu\u00e9e selon un proc\u00e9d\u00e9 artisanal qui sublime la richesse aromatique des noix.<br data-start=\"787\" data-end=\"790\" \/>Les cerneaux sont lentement grill\u00e9s avant la pression, r\u00e9v\u00e9lant une huile d\u2019une belle couleur ambr\u00e9e et d\u2019un go\u00fbt intense, l\u00e9g\u00e8rement bois\u00e9 et toast\u00e9.<\/p>\n<p data-start=\"944\" data-end=\"1211\">Naturelle et sans additifs, cette huile d\u2019exception s\u2019utilise aussi bien \u00e0 cru pour assaisonner vos salades, l\u00e9gumes ou fromages, qu\u2019en finition pour vos plats chauds.<br data-start=\"1111\" data-end=\"1114\" \/>Elle apporte une touche raffin\u00e9e \u00e0 la cuisine gastronomique comme aux recettes traditionnelles.<\/p>\n<p data-start=\"1213\" data-end=\"1316\">Riche en om\u00e9ga-3 et en antioxydants, elle allie \u00e9quilibre, authenticit\u00e9 et plaisir des saveurs d\u2019antan.<\/p>\n","protected":false},"featured_media":3565,"comment_status":"open","ping_status":"closed","template":"","meta":[],"product_brand":[],"product_cat":[19],"product_tag":[],"class_list":{"0":"post-2950","1":"product","2":"type-product","3":"status-publish","4":"has-post-thumbnail","6":"product_cat-huiles-artisanales","7":"product_shipping_class-litre","9":"first","10":"instock","11":"taxable","12":"shipping-taxable","13":"purchasable","14":"product-type-simple"},"aioseo_notices":[],"_links":{"self":[{"href":"https:\/\/moulin-paul-laurent.fr\/index.php?rest_route=\/wp\/v2\/product\/2950","targetHints":{"allow":["GET"]}}],"collection":[{"href":"https:\/\/moulin-paul-laurent.fr\/index.php?rest_route=\/wp\/v2\/product"}],"about":[{"href":"https:\/\/moulin-paul-laurent.fr\/index.php?rest_route=\/wp\/v2\/types\/product"}],"replies":[{"embeddable":true,"href":"https:\/\/moulin-paul-laurent.fr\/index.php?rest_route=%2Fwp%2Fv2%2Fcomments&post=2950"}],"wp:featuredmedia":[{"embeddable":true,"href":"https:\/\/moulin-paul-laurent.fr\/index.php?rest_route=\/wp\/v2\/media\/3565"}],"wp:attachment":[{"href":"https:\/\/moulin-paul-laurent.fr\/index.php?rest_route=%2Fwp%2Fv2%2Fmedia&parent=2950"}],"wp:term":[{"taxonomy":"product_brand","embeddable":true,"href":"https:\/\/moulin-paul-laurent.fr\/index.php?rest_route=%2Fwp%2Fv2%2Fproduct_brand&post=2950"},{"taxonomy":"product_cat","embeddable":true,"href":"https:\/\/moulin-paul-laurent.fr\/index.php?rest_route=%2Fwp%2Fv2%2Fproduct_cat&post=2950"},{"taxonomy":"product_tag","embeddable":true,"href":"https:\/\/moulin-paul-laurent.fr\/index.php?rest_route=%2Fwp%2Fv2%2Fproduct_tag&post=2950"}],"curies":[{"name":"wp","href":"https:\/\/api.w.org\/{rel}","templated":true}]}}