{"id":3407,"date":"2025-10-30T10:31:02","date_gmt":"2025-10-30T09:31:02","guid":{"rendered":"https:\/\/moulin-paul-laurent.fr\/?post_type=product&#038;p=3407"},"modified":"2026-04-10T15:04:11","modified_gmt":"2026-04-10T13:04:11","slug":"huile-dolive-vierge-extra-bio-premiere-pression-a-froid-1-litre","status":"publish","type":"product","link":"https:\/\/moulin-paul-laurent.fr\/?product=huile-dolive-vierge-extra-bio-premiere-pression-a-froid-1-litre","title":{"rendered":"Huile d\u2019olive vierge extra bio \u2013 Premi\u00e8re pression \u00e0 froid 1 litre"},"content":{"rendered":"<p data-start=\"281\" data-end=\"405\">Une huile d\u2019olive biologique d\u2019exception, press\u00e9e \u00e0 froid pour pr\u00e9server toute la richesse aromatique et la puret\u00e9 du fruit.<\/p>\n<p data-start=\"281\" data-end=\"405\">Huile d\u2019olive vierge extra bio, press\u00e9e \u00e0 froid. Go\u00fbt fruit\u00e9, 100 % naturelle, issue de l\u2019agriculture biologique et d\u2019un savoir-faire artisanal.<\/p>\n","protected":false},"excerpt":{"rendered":"<p data-start=\"680\" data-end=\"938\">Notre <strong data-start=\"686\" data-end=\"720\">huile d\u2019olive vierge extra bio<\/strong> est issue d\u2019olives soigneusement r\u00e9colt\u00e9es et press\u00e9es \u00e0 froid selon une m\u00e9thode artisanale.<br data-start=\"813\" data-end=\"816\" \/>Ce proc\u00e9d\u00e9 garantit une huile pure, non raffin\u00e9e, qui conserve l\u2019int\u00e9gralit\u00e9 de ses ar\u00f4mes et de ses bienfaits naturels.<\/p>\n<p data-start=\"940\" data-end=\"1091\">Riche en antioxydants, en acides gras mono-insatur\u00e9s et en vitamine E, elle offre un go\u00fbt fruit\u00e9 et \u00e9quilibr\u00e9, aux notes d\u2019amande et d\u2019herbe fra\u00eeche.<\/p>\n<p data-start=\"1093\" data-end=\"1271\">Certifi\u00e9e <strong data-start=\"1103\" data-end=\"1129\">agriculture biologique<\/strong>, sans additifs ni conservateurs, elle s\u2019utilise aussi bien \u00e0 cru \u2014 pour assaisonner vos salades, l\u00e9gumes et poissons \u2014 qu\u2019en cuisson douce.<\/p>\n<p data-start=\"1273\" data-end=\"1383\">Une huile d\u2019olive authentique et raffin\u00e9e, symbole du savoir-faire m\u00e9diterran\u00e9en et du respect des traditions.<\/p>\n","protected":false},"featured_media":3408,"comment_status":"open","ping_status":"closed","template":"","meta":[],"product_brand":[],"product_cat":[19],"product_tag":[],"class_list":{"0":"post-3407","1":"product","2":"type-product","3":"status-publish","4":"has-post-thumbnail","6":"product_cat-huiles-artisanales","7":"product_shipping_class-lot-1-litre","9":"first","10":"instock","11":"taxable","12":"shipping-taxable","13":"purchasable","14":"product-type-simple"},"aioseo_notices":[],"_links":{"self":[{"href":"https:\/\/moulin-paul-laurent.fr\/index.php?rest_route=\/wp\/v2\/product\/3407","targetHints":{"allow":["GET"]}}],"collection":[{"href":"https:\/\/moulin-paul-laurent.fr\/index.php?rest_route=\/wp\/v2\/product"}],"about":[{"href":"https:\/\/moulin-paul-laurent.fr\/index.php?rest_route=\/wp\/v2\/types\/product"}],"replies":[{"embeddable":true,"href":"https:\/\/moulin-paul-laurent.fr\/index.php?rest_route=%2Fwp%2Fv2%2Fcomments&post=3407"}],"wp:featuredmedia":[{"embeddable":true,"href":"https:\/\/moulin-paul-laurent.fr\/index.php?rest_route=\/wp\/v2\/media\/3408"}],"wp:attachment":[{"href":"https:\/\/moulin-paul-laurent.fr\/index.php?rest_route=%2Fwp%2Fv2%2Fmedia&parent=3407"}],"wp:term":[{"taxonomy":"product_brand","embeddable":true,"href":"https:\/\/moulin-paul-laurent.fr\/index.php?rest_route=%2Fwp%2Fv2%2Fproduct_brand&post=3407"},{"taxonomy":"product_cat","embeddable":true,"href":"https:\/\/moulin-paul-laurent.fr\/index.php?rest_route=%2Fwp%2Fv2%2Fproduct_cat&post=3407"},{"taxonomy":"product_tag","embeddable":true,"href":"https:\/\/moulin-paul-laurent.fr\/index.php?rest_route=%2Fwp%2Fv2%2Fproduct_tag&post=3407"}],"curies":[{"name":"wp","href":"https:\/\/api.w.org\/{rel}","templated":true}]}}