{"id":3477,"date":"2025-11-07T16:48:01","date_gmt":"2025-11-07T15:48:01","guid":{"rendered":"https:\/\/moulin-paul-laurent.fr\/?post_type=product&#038;p=3477"},"modified":"2025-11-27T11:46:18","modified_gmt":"2025-11-27T10:46:18","slug":"huile-de-tournesol-grillee-a-lancienne-1-2-litre","status":"publish","type":"product","link":"https:\/\/moulin-paul-laurent.fr\/?product=huile-de-tournesol-grillee-a-lancienne-1-2-litre","title":{"rendered":"Huile de tournesol grill\u00e9e \u00e0 l\u2019ancienne 1\/2 litre"},"content":{"rendered":"<p data-start=\"201\" data-end=\"246\"><strong data-start=\"201\" data-end=\"244\">Huile de tournesol grill\u00e9e \u00e0 l\u2019ancienne 1\/2 litre<\/strong><\/p>\n<p data-start=\"253\" data-end=\"556\">Produit issu d\u2019une fabrication artisanale, notre huile de tournesol grill\u00e9e \u00e0 l\u2019ancienne r\u00e9v\u00e8le un go\u00fbt unique et authentique.<br data-start=\"379\" data-end=\"382\" \/>\u00c9labor\u00e9e \u00e0 partir de graines soigneusement s\u00e9lectionn\u00e9es, elle offre des ar\u00f4mes puissants et une saveur l\u00e9g\u00e8rement toast\u00e9e, id\u00e9ale pour sublimer vos plats chauds ou froids.<\/p>\n<p data-start=\"469\" data-end=\"608\">Huile de tournesol grill\u00e9e \u00e0 l\u2019ancienne, issue d\u2019une fabrication artisanale. Saveur authentique, ar\u00f4mes toast\u00e9s et qualit\u00e9 100 % naturelle.<\/p>\n","protected":false},"excerpt":{"rendered":"<p data-start=\"605\" data-end=\"679\"><strong data-start=\"605\" data-end=\"677\">Huile de tournesol grill\u00e9e \u00e0 l\u2019ancienne \u2013 Fabrication traditionnelle<\/strong><\/p>\n<p data-start=\"686\" data-end=\"954\">Press\u00e9e \u00e0 partir de graines grill\u00e9es selon une m\u00e9thode d\u2019autrefois, cette huile r\u00e9v\u00e8le toute la richesse aromatique du tournesol.<br data-start=\"815\" data-end=\"818\" \/>Un produit du terroir, 100 % naturel, sans additifs, qui met en avant le savoir-faire artisanal et l\u2019authenticit\u00e9 des saveurs d\u2019antan.<\/p>\n<p data-start=\"999\" data-end=\"1065\"><strong data-start=\"999\" data-end=\"1063\">Huile de tournesol grill\u00e9e \u00e0 l\u2019ancienne \u2013 Saveur d\u2019exception<\/strong><\/p>\n<p data-start=\"1072\" data-end=\"1364\">Issue d\u2019un proc\u00e9d\u00e9 artisanal de fabrication, cette huile rare s\u00e9duit par son profil gustatif unique : des notes grill\u00e9es intenses et une texture onctueuse.<br data-start=\"1227\" data-end=\"1230\" \/>Id\u00e9ale pour les amateurs de gastronomie et de produits authentiques, elle sublime aussi bien les salades que les cuissons d\u00e9licates.<\/p>\n<p data-start=\"682\" data-end=\"1089\">D\u00e9couvrez une huile de tournesol grill\u00e9e \u00e0 l\u2019ancienne, fabriqu\u00e9e selon une m\u00e9thode artisanale qui respecte les traditions d\u2019autrefois.<br data-start=\"816\" data-end=\"819\" \/>Les graines de tournesol sont lentement grill\u00e9es avant la pression, r\u00e9v\u00e9lant une saveur riche, des ar\u00f4mes intenses et une subtile note toast\u00e9e.<br data-start=\"962\" data-end=\"965\" \/>Naturelle, sans additifs ni conservateurs, cette huile se distingue par sa qualit\u00e9 exceptionnelle et son go\u00fbt authentique.<\/p>\n<p data-start=\"1091\" data-end=\"1321\">Id\u00e9ale pour rehausser vos salades, l\u00e9gumes, viandes ou poissons, elle apporte une touche chaleureuse et gourmande \u00e0 vos plats du quotidien.<br data-start=\"1230\" data-end=\"1233\" \/>Un produit d\u2019exception pour les amateurs de saveurs vraies et de gastronomie artisanale.<\/p>\n","protected":false},"featured_media":3396,"comment_status":"open","ping_status":"closed","template":"","meta":[],"product_brand":[],"product_cat":[19],"product_tag":[],"class_list":{"0":"post-3477","1":"product","2":"type-product","3":"status-publish","4":"has-post-thumbnail","6":"product_cat-huiles-artisanales","7":"product_shipping_class-1-2","9":"first","10":"instock","11":"taxable","12":"shipping-taxable","13":"purchasable","14":"product-type-simple"},"aioseo_notices":[],"_links":{"self":[{"href":"https:\/\/moulin-paul-laurent.fr\/index.php?rest_route=\/wp\/v2\/product\/3477","targetHints":{"allow":["GET"]}}],"collection":[{"href":"https:\/\/moulin-paul-laurent.fr\/index.php?rest_route=\/wp\/v2\/product"}],"about":[{"href":"https:\/\/moulin-paul-laurent.fr\/index.php?rest_route=\/wp\/v2\/types\/product"}],"replies":[{"embeddable":true,"href":"https:\/\/moulin-paul-laurent.fr\/index.php?rest_route=%2Fwp%2Fv2%2Fcomments&post=3477"}],"wp:featuredmedia":[{"embeddable":true,"href":"https:\/\/moulin-paul-laurent.fr\/index.php?rest_route=\/wp\/v2\/media\/3396"}],"wp:attachment":[{"href":"https:\/\/moulin-paul-laurent.fr\/index.php?rest_route=%2Fwp%2Fv2%2Fmedia&parent=3477"}],"wp:term":[{"taxonomy":"product_brand","embeddable":true,"href":"https:\/\/moulin-paul-laurent.fr\/index.php?rest_route=%2Fwp%2Fv2%2Fproduct_brand&post=3477"},{"taxonomy":"product_cat","embeddable":true,"href":"https:\/\/moulin-paul-laurent.fr\/index.php?rest_route=%2Fwp%2Fv2%2Fproduct_cat&post=3477"},{"taxonomy":"product_tag","embeddable":true,"href":"https:\/\/moulin-paul-laurent.fr\/index.php?rest_route=%2Fwp%2Fv2%2Fproduct_tag&post=3477"}],"curies":[{"name":"wp","href":"https:\/\/api.w.org\/{rel}","templated":true}]}}