{"id":3486,"date":"2025-11-07T17:07:05","date_gmt":"2025-11-07T16:07:05","guid":{"rendered":"https:\/\/moulin-paul-laurent.fr\/?post_type=product&#038;p=3486"},"modified":"2025-11-07T17:33:08","modified_gmt":"2025-11-07T16:33:08","slug":"pepins-de-courge-a-lancienne-fabrication-artisanale-1-2-litre","status":"publish","type":"product","link":"https:\/\/moulin-paul-laurent.fr\/?product=pepins-de-courge-a-lancienne-fabrication-artisanale-1-2-litre","title":{"rendered":"P\u00e9pins de courge \u00e0 l\u2019ancienne \u2013 Fabrication artisanale  1\/2 litre"},"content":{"rendered":"<p data-start=\"201\" data-end=\"246\">Des graines de courge torr\u00e9fi\u00e9es selon un savoir-faire traditionnel, au go\u00fbt authentique et aux bienfaits naturels.<\/p>\n<p data-start=\"453\" data-end=\"586\">P\u00e9pins de courge grill\u00e9s \u00e0 l\u2019ancienne, pr\u00e9par\u00e9s artisanalement pour pr\u00e9server leur croquant et leur go\u00fbt authentique. 100 % naturels.<\/p>\n","protected":false},"excerpt":{"rendered":"<p data-start=\"660\" data-end=\"923\"><strong>P\u00e9pins de courge \u00e0 l\u2019ancienne \u2013 Fabrication artisanale 1\/2 litre <\/strong><\/p>\n<p data-start=\"660\" data-end=\"923\">Nos <strong data-start=\"664\" data-end=\"697\">p\u00e9pins de courge \u00e0 l\u2019ancienne<\/strong> sont issus d\u2019une pr\u00e9paration artisanale qui respecte les m\u00e9thodes d\u2019autrefois.<br data-start=\"776\" data-end=\"779\" \/>Grill\u00e9s lentement pour r\u00e9v\u00e9ler toute leur richesse aromatique, ils offrent une texture croquante et une saveur naturellement douce et toast\u00e9e.<\/p>\n<p data-start=\"925\" data-end=\"1116\">Riches en prot\u00e9ines, magn\u00e9sium, zinc et acides gras essentiels, ces p\u00e9pins constituent un encas sain et \u00e9nerg\u00e9tique, id\u00e9al \u00e0 d\u00e9guster nature, dans vos salades, vos plats ou vos p\u00e2tisseries.<\/p>\n<p data-start=\"1118\" data-end=\"1237\">Un produit authentique, 100 % naturel, sans additifs ni conservateurs, pour retrouver le go\u00fbt vrai des graines d\u2019antan.<\/p>\n","protected":false},"featured_media":3395,"comment_status":"open","ping_status":"closed","template":"","meta":[],"product_brand":[20],"product_cat":[19],"product_tag":[],"class_list":{"0":"post-3486","1":"product","2":"type-product","3":"status-publish","4":"has-post-thumbnail","6":"product_brand-moulin-a-huile-paul-laurent","7":"product_cat-huiles-artisanales","8":"product_shipping_class-1-2","10":"first","11":"instock","12":"purchasable","13":"product-type-simple"},"aioseo_notices":[],"_links":{"self":[{"href":"https:\/\/moulin-paul-laurent.fr\/index.php?rest_route=\/wp\/v2\/product\/3486","targetHints":{"allow":["GET"]}}],"collection":[{"href":"https:\/\/moulin-paul-laurent.fr\/index.php?rest_route=\/wp\/v2\/product"}],"about":[{"href":"https:\/\/moulin-paul-laurent.fr\/index.php?rest_route=\/wp\/v2\/types\/product"}],"replies":[{"embeddable":true,"href":"https:\/\/moulin-paul-laurent.fr\/index.php?rest_route=%2Fwp%2Fv2%2Fcomments&post=3486"}],"wp:featuredmedia":[{"embeddable":true,"href":"https:\/\/moulin-paul-laurent.fr\/index.php?rest_route=\/wp\/v2\/media\/3395"}],"wp:attachment":[{"href":"https:\/\/moulin-paul-laurent.fr\/index.php?rest_route=%2Fwp%2Fv2%2Fmedia&parent=3486"}],"wp:term":[{"taxonomy":"product_brand","embeddable":true,"href":"https:\/\/moulin-paul-laurent.fr\/index.php?rest_route=%2Fwp%2Fv2%2Fproduct_brand&post=3486"},{"taxonomy":"product_cat","embeddable":true,"href":"https:\/\/moulin-paul-laurent.fr\/index.php?rest_route=%2Fwp%2Fv2%2Fproduct_cat&post=3486"},{"taxonomy":"product_tag","embeddable":true,"href":"https:\/\/moulin-paul-laurent.fr\/index.php?rest_route=%2Fwp%2Fv2%2Fproduct_tag&post=3486"}],"curies":[{"name":"wp","href":"https:\/\/api.w.org\/{rel}","templated":true}]}}